              {"id":23336,"date":"2021-10-13T12:39:22","date_gmt":"2021-10-13T09:39:22","guid":{"rendered":"https:\/\/open.olainfarm.com\/?page_id=23336"},"modified":"2025-05-13T16:04:42","modified_gmt":"2025-05-13T13:04:42","slug":"kursused","status":"publish","type":"page","link":"https:\/\/open.olpha.eu\/et\/kursused\/","title":{"rendered":"Kursused"},"content":{"rendered":"<main class=\"col-xs-12 \">\n\n\t\t\t\t\t\n<article id=\"post-12326\" class=\"post-12326 page type-page status-publish hentry\">\n\n\t<div class=\"entry-content\">\n\t\n\t\t<div class=\"woocommerce\"><div class=\"woocommerce-notices-wrapper\"><\/div>\n\n\t\t\n    \n        \n\t\t\t\t<div class=\"container\">\n\t\t\t\t\t<div class=\"row\">\n\t\t\t\t\t\t<div class=\"col-lg-6\">\n    \n              <h2 class=\"text-center\">Autoriseerimine<\/h2>\n\n              <form class=\"woocommerce-form woocommerce-form-login login\" method=\"post\" action=\"\">\n                <p class=\"woocommerce-form-row woocommerce-form-row--wide form-row form-row-wide\">\n                  <label for=\"username\">Kasutajanimi&nbsp;<span class=\"required\">*<\/span><\/label>\n                  <input type=\"text\" class=\"woocommerce-Input woocommerce-Input--text input-text\" name=\"username\" id=\"username\" autocomplete=\"username\" value=\"\" \/><\/p>\n                <p class=\"woocommerce-form-row woocommerce-form-row--wide form-row form-row-wide\">\n                  <label for=\"password\">Parool&nbsp;<span class=\"required\">*<\/span><\/label>\n                  <input class=\"woocommerce-Input woocommerce-Input--text input-text\" type=\"password\" name=\"password\" id=\"password\" autocomplete=\"current-password\" \/>\n                <\/p>\n                <p class=\"form-row\">\n                  <button type=\"submit\" class=\"woocommerce-button button woocommerce-form-login__submit\" name=\"login\" value=\"Logi sisse\">Logi sisse<\/button>\n                <\/p>\n                                <p class=\"woocommerce-LostPassword lost_password\">\n                  <a href=\"https:\/\/moodle.olpha.eu\/login\/forgot_password.php\">Unustasite parooli v\u00f5i kasutajanime? Kliki siia!<\/a>\n                <\/p>\n              <\/form>\n\n            <\/div>\n\n            <div class=\"col-lg-6\">\n\n              <h2 class=\"text-center\">Registreerimine<\/h2>\n                            \n              <form class=\"woocommerce-form woocommerce-form-login login\" method=\"get\" action=\"https:\/\/open.olpha.eu\/et\/registresanas-seminaram-vebinaram-vai-citam-pasakumam\/\">\n                 <p style=\"margin: 0 0 20px 0;\">\n                  AS Olpha (edaspidi \u2013 Olpha) korraldatud seminaril\/ veebiseminaril v\u00f5i muul \u00fcritusel osalemiseks peate looma konto tervishoiut\u00f6\u00f6tajate portaalis \"Open Olpha\".                <\/p>\n\n                <p>\n                  KONTO loomisel saate:                <\/p>\n\n                <ul style=\"margin-left: 20px; padding-left: 20px;\">\n                  <li style=\"list-style: disc; list-style-type: disc;\">Registreeruda valitud \u00fcritusele<\/li>\n                  <li style=\"list-style: disc; list-style-type: disc;\">Teavituse kinnituse \u00fcritusel osalemise kohta<\/li>\n                  <li style=\"list-style: disc; list-style-type: disc;\">Tervishoiut\u00f6\u00f6tajatele ajakohast teavet<\/li>\n                <\/ul>\n\n                <button type=\"submit\" class=\"woocommerce-button button woocommerce-form-login__submit\" name=\"rb\" value=\"1\">Registreeru<\/button>\n\n              <\/form>\n\n            <\/div>\n          <\/div>\n        <\/div>\n    \n    \n<\/div>\n\n\t<\/div><!-- .entry-content -->\n<\/article><!-- #post-## -->\n\n\t\t\t\t<\/main> \n    \n","protected":false},"excerpt":{"rendered":"<p>&#8230; <a class=\"moretag\" href=\"https:\/\/open.olpha.eu\/et\/kursused\/\">Read more &raquo;<\/a><\/p>\n","protected":false},"author":19,"featured_media":0,"parent":0,"menu_order":0,"comment_status":"closed","ping_status":"closed","template":"page-kursi-past.php","meta":{"footnotes":""},"class_list":["post-23336","page","type-page","status-publish","hentry"],"_links":{"self":[{"href":"https:\/\/open.olpha.eu\/et\/wp-json\/wp\/v2\/pages\/23336","targetHints":{"allow":["GET"]}}],"collection":[{"href":"https:\/\/open.olpha.eu\/et\/wp-json\/wp\/v2\/pages"}],"about":[{"href":"https:\/\/open.olpha.eu\/et\/wp-json\/wp\/v2\/types\/page"}],"author":[{"embeddable":true,"href":"https:\/\/open.olpha.eu\/et\/wp-json\/wp\/v2\/users\/19"}],"replies":[{"embeddable":true,"href":"https:\/\/open.olpha.eu\/et\/wp-json\/wp\/v2\/comments?post=23336"}],"version-history":[{"count":1,"href":"https:\/\/open.olpha.eu\/et\/wp-json\/wp\/v2\/pages\/23336\/revisions"}],"predecessor-version":[{"id":38168,"href":"https:\/\/open.olpha.eu\/et\/wp-json\/wp\/v2\/pages\/23336\/revisions\/38168"}],"wp:attachment":[{"href":"https:\/\/open.olpha.eu\/et\/wp-json\/wp\/v2\/media?parent=23336"}],"curies":[{"name":"wp","href":"https:\/\/api.w.org\/{rel}","templated":true}]}}