              {"id":23340,"date":"2021-10-15T09:48:20","date_gmt":"2021-10-15T06:48:20","guid":{"rendered":"https:\/\/open.olainfarm.com\/?page_id=23340"},"modified":"2025-06-02T11:57:24","modified_gmt":"2025-06-02T08:57:24","slug":"kontakt","status":"publish","type":"page","link":"https:\/\/open.olpha.eu\/et\/kontakt\/","title":{"rendered":"Kontakt"},"content":{"rendered":"<div id=\"pl-23340\"  class=\"panel-layout\" ><div id=\"pg-23340-0\"  class=\"panel-grid panel-has-style\" ><div class=\"contactblock panel-row-style panel-row-style-for-23340-0\" ><div id=\"pgc-23340-0-0\"  class=\"panel-grid-cell\" ><div id=\"panel-23340-0-0-0\" class=\"widget_text so-panel widget widget_custom_html panel-first-child\" data-index=\"0\" ><div class=\"textwidget custom-html-widget\"><span class=\"subtitle dash-true style-dark\">Kontaktvorm<\/span>\n<h2>V\u00f5ta meiega \u00fchendust<\/h2><\/div><\/div><div id=\"panel-23340-0-0-1\" class=\"widget_text so-panel widget widget_custom_html panel-last-child\" data-index=\"1\" ><div class=\"textwidget custom-html-widget\">\n<div class=\"wpcf7 no-js\" id=\"wpcf7-f23453-o1\" lang=\"en-US\" dir=\"ltr\" data-wpcf7-id=\"23453\">\n<div class=\"screen-reader-response\"><p role=\"status\" aria-live=\"polite\" aria-atomic=\"true\"><\/p> <ul><\/ul><\/div>\n<form action=\"\/et\/wp-json\/wp\/v2\/pages\/23340#wpcf7-f23453-o1\" method=\"post\" class=\"wpcf7-form init\" aria-label=\"Contact form\" novalidate=\"novalidate\" data-status=\"init\">\n<fieldset class=\"hidden-fields-container\"><input type=\"hidden\" name=\"_wpcf7\" value=\"23453\" \/><input type=\"hidden\" name=\"_wpcf7_version\" value=\"6.1.3\" \/><input type=\"hidden\" name=\"_wpcf7_locale\" value=\"en_US\" \/><input type=\"hidden\" name=\"_wpcf7_unit_tag\" value=\"wpcf7-f23453-o1\" \/><input type=\"hidden\" name=\"_wpcf7_container_post\" value=\"0\" \/><input type=\"hidden\" name=\"_wpcf7_posted_data_hash\" value=\"\" \/><input type=\"hidden\" name=\"_wpcf7_recaptcha_response\" value=\"\" \/>\n<\/fieldset>\n<div>\n\t<p>Nimi *<br \/>\n<span class=\"wpcf7-form-control-wrap\" data-name=\"your-name\"><input size=\"40\" maxlength=\"400\" class=\"wpcf7-form-control wpcf7-text wpcf7-validates-as-required\" aria-required=\"true\" aria-invalid=\"false\" value=\"\" type=\"text\" name=\"your-name\" \/><\/span>\n\t<\/p>\n<\/div>\n<div>\n\t<p>E-post *<br \/>\n<span class=\"wpcf7-form-control-wrap\" data-name=\"your-email\"><input size=\"40\" maxlength=\"400\" class=\"wpcf7-form-control wpcf7-email wpcf7-validates-as-required wpcf7-text wpcf7-validates-as-email\" aria-required=\"true\" aria-invalid=\"false\" value=\"\" type=\"email\" name=\"your-email\" \/><\/span>\n\t<\/p>\n<\/div>\n<div>\n\t<p>Teema<br \/>\n<span class=\"wpcf7-form-control-wrap\" data-name=\"your-subject\"><input size=\"40\" maxlength=\"400\" class=\"wpcf7-form-control wpcf7-text\" aria-invalid=\"false\" value=\"\" type=\"text\" name=\"your-subject\" \/><\/span>\n\t<\/p>\n<\/div>\n<div>\n\t<p>Teate tekst<br \/>\n<span class=\"wpcf7-form-control-wrap\" data-name=\"your-message\"><textarea cols=\"40\" rows=\"10\" maxlength=\"2000\" class=\"wpcf7-form-control wpcf7-textarea\" aria-invalid=\"false\" name=\"your-message\"><\/textarea><\/span>\n\t<\/p>\n<\/div>\n\n<p><input class=\"wpcf7-form-control wpcf7-submit has-spinner\" type=\"submit\" value=\"Saada\" \/>\n<\/p><div class=\"wpcf7-response-output\" aria-hidden=\"true\"><\/div>\n<\/form>\n<\/div>\n<\/div><\/div><\/div><div id=\"pgc-23340-0-1\"  class=\"panel-grid-cell\" ><div id=\"panel-23340-0-1-0\" class=\"widget_text so-panel widget widget_custom_html panel-first-child\" data-index=\"2\" ><div class=\"textwidget custom-html-widget\"><span class=\"subtitle dash-true style-dark\">K\u00fcsimused?<\/span>\n<h2>Loe meile k\u00f5ige sagedamini esitatud k\u00fcsimusi<\/h2><\/div><\/div><div id=\"panel-23340-0-1-1\" class=\"widget_text so-panel widget widget_custom_html\" data-index=\"3\" ><div class=\"textwidget custom-html-widget\"><div class=\"panel-group\" id=\"accordion-0\">\n<div class=\"panel\"><div class=\"panel-heading\"><h3 class=\"panel-title\"><a class=\"accordion-toggle in\" data-toggle=\"collapse\" data-parent=\"#accordion-0\" href=\"#collapse_0_kuidas-susteemi-sisse-logida\">Kuidas s\u00fcsteemi sisse logida?<\/a><\/h3><\/div><div id=\"collapse_0_kuidas-susteemi-sisse-logida\" class=\"panel-collapse collapse in\"><div class=\"panel-body\">Ava veebilehitsejas AS Olpha koolitusportaali aadress \u2013 open.olpha.eu ja vajutada nupule \u201eMinu konto\u201d. Kui oled uus kasutaja, vaata v\u00e4lja \u201eRegistreerumine\u201d, tutvu selles sisalduva selgitava teabega ning vajuta allolevat nuppu \u201eRegistreeru\u201d. Kui oled juba registreerunud kasutaja, sisesta oma kasutajanimi ja salas\u00f5na jaotises \u201eMinu konto\u201d pealkirja \u201eMoodle autoriseerimine\u201d all. Kui oled unustanud oma kasutajanime v\u00f5i parooli, vajuta nupule \u201eKas unustasid oma kasutajanime v\u00f5i parooli?\u201d ning sind suunatakse parooli taastamise aknasse.  <\/div><\/div><\/div>\n<div class=\"panel\"><div class=\"panel-heading\"><h3 class=\"panel-title\"><a class=\"accordion-toggle \" data-toggle=\"collapse\" data-parent=\"#accordion-0\" href=\"#collapse_1_unustasin-oma-parooli-kuidas-kaituda\">Unustasin oma parooli. Kuidas k\u00e4ituda?<\/a><\/h3><\/div><div id=\"collapse_1_unustasin-oma-parooli-kuidas-kaituda\" class=\"panel-collapse collapse \"><div class=\"panel-body\">Kui oled unustanud oma kasutajanime v\u00f5i parooli, kl\u00f5psa nuppu \u201eKas unustasid oma kasutajanime v\u00f5i parooli?\u201d. Seej\u00e4rel suunatakse sind parooli taastamise aknasse. <\/div><\/div><\/div>\n<div class=\"panel\"><div class=\"panel-heading\"><h3 class=\"panel-title\"><a class=\"accordion-toggle \" data-toggle=\"collapse\" data-parent=\"#accordion-0\" href=\"#collapse_2_kas-oppematerjali-on-voimalik-uuesti-labida\">Kas \u00f5ppematerjali on v\u00f5imalik uuesti l\u00e4bida?<\/a><\/h3><\/div><div id=\"collapse_2_kas-oppematerjali-on-voimalik-uuesti-labida\" class=\"panel-collapse collapse \"><div class=\"panel-body\">\u00d5ppematerjalide uuesti l\u00e4bimine s\u00f5ltub konkreetsest kursusest. \u00dcksikasjalikumat teavet \u00f5ppematerjali uuesti l\u00e4bimise v\u00f5imaluse kohta saab iga materjali juures eraldi. <\/div><\/div><\/div>\n<div class=\"panel\"><div class=\"panel-heading\"><h3 class=\"panel-title\"><a class=\"accordion-toggle \" data-toggle=\"collapse\" data-parent=\"#accordion-0\" href=\"#collapse_3_mida-teha-kui-mul-ei-onnestu-liituda-online-loengu-seminari-voi-konverentsiga\">Mida teha, kui mul ei \u00f5nnestu liituda online loengu, seminari v\u00f5i konverentsiga?<\/a><\/h3><\/div><div id=\"collapse_3_mida-teha-kui-mul-ei-onnestu-liituda-online-loengu-seminari-voi-konverentsiga\" class=\"panel-collapse collapse \"><div class=\"panel-body\">Veendu, et interneti\u00fchendusega ei ole probleeme ja kas oled avanud vastava veebilehitseja, mis toetab veebip\u00f5hise loengu, seminari v\u00f5i konverentsi toimumisplatvormi. Kui \u00fckski eelnimetatud tegevustest ei lahenda olukorda, v\u00f5ta meiega \u00fchendust. Samuti on k\u00f5ik loengute, seminaride ja konverentside salvestised hiljem s\u00fcsteemis k\u00e4ttesaadavad. <\/div><\/div><\/div>\n<div class=\"panel\"><div class=\"panel-heading\"><h3 class=\"panel-title\"><a class=\"accordion-toggle \" data-toggle=\"collapse\" data-parent=\"#accordion-0\" href=\"#collapse_4_kust-ma-leian-omandatud-sertifikaadid\">Kust ma leian omandatud sertifikaadid?<\/a><\/h3><\/div><div id=\"collapse_4_kust-ma-leian-omandatud-sertifikaadid\" class=\"panel-collapse collapse \"><div class=\"panel-body\">Omandatud sertifikaate on v\u00f5imalik vaadata oma e-postist, millega registreerusid meie portaali. P\u00e4rast iga kursuse edukat l\u00e4bimist saadame selle sinu poolt m\u00e4rgitud meiliaadressile 1-2 p\u00e4eva jooksul. <\/div><\/div><\/div>\n<div class=\"panel\"><div class=\"panel-heading\"><h3 class=\"panel-title\"><a class=\"accordion-toggle \" data-toggle=\"collapse\" data-parent=\"#accordion-0\" href=\"#collapse_5_millal-ma-naen-saadud-taiendkoolituse-punkte-oma-lfb-saidi-profiilis\">Millal ma n\u00e4en saadud t\u00e4iendkoolituse punkte oma LFB saidi profiilis?<\/a><\/h3><\/div><div id=\"collapse_5_millal-ma-naen-saadud-taiendkoolituse-punkte-oma-lfb-saidi-profiilis\" class=\"panel-collapse collapse \"><div class=\"panel-body\">Olpha esitab kord kuus LFB-le nimekirjaaruande k\u00f5ikide kuu jooksul farmaatsiaspetsialistide poolt l\u00e4bitud loengute ja antud mooduliga v\u00f5rdsustatud t\u00e4iend\u00f5ppepunktide kohta j\u00e4rgmise kuu 10. kuup\u00e4evaks. LFB sisestab need punktid kahe n\u00e4dala jooksul \u201eL\u00e4ti farmatseutide ja farmatseudiassistentide registrisse\u201c. Seega saavad farmaatsiaspetsialistid oma LFB saidi kinnise jaotise kontodel neid punkte n\u00e4ha alates j\u00e4rgmise kuu 25. kuup\u00e4evast. Olenemata sellest, kas loengut kuulatakse kuu 1. v\u00f5i 31. kuup\u00e4eval, kajastatakse punktid registris j\u00e4rgmise kuu 25. kuup\u00e4evaks. <\/div><\/div><\/div>\n<\/div><\/div><\/div><div id=\"panel-23340-0-1-2\" class=\"widget_text so-panel widget widget_custom_html panel-last-child\" data-index=\"4\" ><div class=\"textwidget custom-html-widget\"><a href=\"\/et\/kusimused\/\">K\u00f5ik k\u00fcsimused &raquo;<\/a><\/div><\/div><\/div><\/div><\/div><\/div>","protected":false},"excerpt":{"rendered":"<p>Kontaktvorm V\u00f5ta meiega \u00fchendust Nimi * E-post * Teema Teate tekst K\u00fcsimused? Loe meile k\u00f5ige sagedamini esitatud k\u00fcsimusi Kuidas s\u00fcsteemi sisse logida?Ava veebilehitsejas AS Olpha koolitusportaali aadress \u2013 open.olpha.eu ja vajutada nupule \u201eMinu konto\u201d. Kui oled uus kasutaja, vaata v\u00e4lja \u201eRegistreerumine\u201d, tutvu selles sisalduva selgitava teabega ning vajuta allolevat nuppu \u201eRegistreeru\u201d. Kui oled juba registreerunud&#8230; <a class=\"moretag\" href=\"https:\/\/open.olpha.eu\/et\/kontakt\/\">Read more &raquo;<\/a><\/p>\n","protected":false},"author":19,"featured_media":0,"parent":0,"menu_order":7,"comment_status":"closed","ping_status":"closed","template":"","meta":{"footnotes":""},"class_list":["post-23340","page","type-page","status-publish","hentry"],"_links":{"self":[{"href":"https:\/\/open.olpha.eu\/et\/wp-json\/wp\/v2\/pages\/23340","targetHints":{"allow":["GET"]}}],"collection":[{"href":"https:\/\/open.olpha.eu\/et\/wp-json\/wp\/v2\/pages"}],"about":[{"href":"https:\/\/open.olpha.eu\/et\/wp-json\/wp\/v2\/types\/page"}],"author":[{"embeddable":true,"href":"https:\/\/open.olpha.eu\/et\/wp-json\/wp\/v2\/users\/19"}],"replies":[{"embeddable":true,"href":"https:\/\/open.olpha.eu\/et\/wp-json\/wp\/v2\/comments?post=23340"}],"version-history":[{"count":1,"href":"https:\/\/open.olpha.eu\/et\/wp-json\/wp\/v2\/pages\/23340\/revisions"}],"predecessor-version":[{"id":38679,"href":"https:\/\/open.olpha.eu\/et\/wp-json\/wp\/v2\/pages\/23340\/revisions\/38679"}],"wp:attachment":[{"href":"https:\/\/open.olpha.eu\/et\/wp-json\/wp\/v2\/media?parent=23340"}],"curies":[{"name":"wp","href":"https:\/\/api.w.org\/{rel}","templated":true}]}}