              {"id":23366,"date":"2016-07-28T10:46:34","date_gmt":"2016-07-28T10:46:34","guid":{"rendered":"https:\/\/open.olainfarm.com\/?page_id=23366"},"modified":"2025-06-02T11:51:34","modified_gmt":"2025-06-02T08:51:34","slug":"portaalist","status":"publish","type":"page","link":"https:\/\/open.olpha.eu\/et\/portaalist\/","title":{"rendered":"Portaalist"},"content":{"rendered":"<div id=\"pl-23366\"  class=\"panel-layout\" ><div id=\"pg-23366-0\"  class=\"panel-grid panel-no-style\" ><div id=\"pgc-23366-0-0\"  class=\"panel-grid-cell\" ><div id=\"panel-23366-0-0-0\" class=\"so-panel widget widget_sow-editor panel-first-child panel-last-child\" data-index=\"0\" ><div class=\"shadow-box overlap-right animate animate-1 panel-widget-style panel-widget-style-for-23366-0-0-0\" ><div\n\t\t\t\n\t\t\tclass=\"so-widget-sow-editor so-widget-sow-editor-base\"\n\t\t\t\n\t\t>\n<div class=\"siteorigin-widget-tinymce textwidget\">\n\t<span class=\"subtitle dash-false style-dark\">Portaalist<\/span>\n<h2><strong>Mis on AS Olpha koolitusportaal?<\/strong><\/h2>\n<div class=\"dash style-dark\"><\/div>\n<p>Olpha koolitusportaal on tervishoiuvaldkonna spetsialistidele m\u00f5eldud platvorm, mis annab selle portaali registreeritud kasutajatele v\u00f5imaluse tutvuda p\u00e4evakohase teabega AS Olpha toodete kohta. Pakume v\u00f5imalust omandada uusi teadmisi kursustel l\u00e4bi portaali e-\u00f5ppe s\u00fcsteemi ning saada nende edukal l\u00e4bimisel L\u00e4ti Farmatseutide \u00dchingu, L\u00e4ti Arstide Seltsi, L\u00e4ti \u00d5dede \u00dchingu v\u00f5i m\u00f5ne muu \u00fchingu v\u00f5i seltsi poolt aktsepteeritud sertifikaate, t\u00f5endeid v\u00f5i tunnistusi omandatud t\u00e4iend\u00f5ppepunktide kohta.<br \/>\nVastavalt MK m\u00e4\u00e4rusele nr 943 \u201eMeditsiinit\u00f6\u00f6tajate sertifitseerimise kord\u201d v\u00f5ib AS Olpha poolt v\u00e4lja antud t\u00e4iend\u00f5ppe kursuse l\u00e4bimise tunnistusi kasutada meditsiinit\u00f6\u00f6tajate sertifitseerimiseks ja resertifitseerimiseks. Lisateavet AS Olpha kohta vaata siit <a href=\"https:\/\/lv.olainfarm.com\/eng\/\">https:\/\/lv.olainfarm.com\/eng\/<\/a><\/p>\n<\/div>\n<\/div><\/div><\/div><\/div><div id=\"pgc-23366-0-1\"  class=\"panel-grid-cell\" ><div id=\"panel-23366-0-1-0\" class=\"so-panel widget widget_black-studio-tinymce widget_black_studio_tinymce panel-first-child panel-last-child\" data-index=\"1\" ><div class=\"animate animate-2 panel-widget-style panel-widget-style-for-23366-0-1-0\" ><div class=\"textwidget\"><img loading=\"lazy\" decoding=\"async\" class=\"alignnone size-full wp-image-11862\" src=\"http:\/\/moodle.integra.lv\/wp-content\/uploads\/2020\/08\/560740.jpg\" alt=\"\" width=\"560\" height=\"739\" \/><\/div><\/div><\/div><\/div><\/div><div id=\"pg-23366-1\"  class=\"panel-grid panel-no-style\" ><div id=\"pgc-23366-1-0\"  class=\"panel-grid-cell panel-grid-cell-empty\" ><\/div><div id=\"pgc-23366-1-1\"  class=\"panel-grid-cell panel-grid-cell-empty panel-grid-cell-mobile-last\" ><\/div><div id=\"pgc-23366-1-2\"  class=\"panel-grid-cell panel-grid-cell-empty\" ><\/div><\/div><\/div>","protected":false},"excerpt":{"rendered":"<p>Mis on AS Olpha koolitusportaal? Olpha koolitusportaal on tervishoiuvaldkonna spetsialistidele m\u00f5eldud platvorm, mis annab selle portaali registreeritud kasutajatele v\u00f5imaluse tutvuda p\u00e4evakohase teabega AS Olpha toodete kohta. Pakume v\u00f5imalust omandada uusi teadmisi kursustel l\u00e4bi portaali e-\u00f5ppe s\u00fcsteemi ning saada nende edukal l\u00e4bimisel L\u00e4ti Farmatseutide \u00dchingu, L\u00e4ti Arstide Seltsi, L\u00e4ti \u00d5dede \u00dchingu v\u00f5i m\u00f5ne muu \u00fchingu v\u00f5i&#8230; <a class=\"moretag\" href=\"https:\/\/open.olpha.eu\/et\/portaalist\/\">Read more &raquo;<\/a><\/p>\n","protected":false},"author":20,"featured_media":0,"parent":0,"menu_order":14,"comment_status":"closed","ping_status":"closed","template":"","meta":{"footnotes":""},"class_list":["post-23366","page","type-page","status-publish","hentry"],"_links":{"self":[{"href":"https:\/\/open.olpha.eu\/et\/wp-json\/wp\/v2\/pages\/23366","targetHints":{"allow":["GET"]}}],"collection":[{"href":"https:\/\/open.olpha.eu\/et\/wp-json\/wp\/v2\/pages"}],"about":[{"href":"https:\/\/open.olpha.eu\/et\/wp-json\/wp\/v2\/types\/page"}],"author":[{"embeddable":true,"href":"https:\/\/open.olpha.eu\/et\/wp-json\/wp\/v2\/users\/20"}],"replies":[{"embeddable":true,"href":"https:\/\/open.olpha.eu\/et\/wp-json\/wp\/v2\/comments?post=23366"}],"version-history":[{"count":2,"href":"https:\/\/open.olpha.eu\/et\/wp-json\/wp\/v2\/pages\/23366\/revisions"}],"predecessor-version":[{"id":38678,"href":"https:\/\/open.olpha.eu\/et\/wp-json\/wp\/v2\/pages\/23366\/revisions\/38678"}],"wp:attachment":[{"href":"https:\/\/open.olpha.eu\/et\/wp-json\/wp\/v2\/media?parent=23366"}],"curies":[{"name":"wp","href":"https:\/\/api.w.org\/{rel}","templated":true}]}}