              {"id":17210,"date":"2017-02-19T10:30:25","date_gmt":"2017-02-19T08:30:25","guid":{"rendered":"https:\/\/open.olainfarm.com\/?page_id=17210"},"modified":"2025-05-13T10:31:20","modified_gmt":"2025-05-13T07:31:20","slug":"pagrindinis","status":"publish","type":"page","link":"https:\/\/open.olpha.eu\/lt\/","title":{"rendered":"Pagrindinis puslapis"},"content":{"rendered":"<div id=\"pl-17210\"  class=\"panel-layout\" ><div id=\"pg-17210-0\"  class=\"panel-grid panel-no-style\" ><div id=\"pgc-17210-0-0\"  class=\"panel-grid-cell\" ><div id=\"panel-17210-0-0-0\" class=\"widget_text so-panel widget widget_custom_html panel-first-child panel-last-child\" data-index=\"0\" ><div class=\"widget_text panel-widget-style panel-widget-style-for-17210-0-0-0\" ><div class=\"textwidget custom-html-widget\"><h2>\n\tSveiki atvyk\u0119, Portalo lankytojas\n<\/h2>\n<p>\n\tJeigu kilo klausim\u0173, turite komentar\u0173 arba pasi\u016blym\u0173, maloniai pra\u0161ome susisiekti su e. mokym\u0173 portalo administratoriumi u\u017epild\u017eius kontaktin\u0119 form\u0105 skiltyje <a href=\"\/lt\/kontaktai\/\">kontaktai<\/a>.\n<\/p><\/div><\/div><\/div><\/div><\/div><div id=\"pg-17210-1\"  class=\"panel-grid panel-has-style\" ><div class=\"homebanners panel-row-style panel-row-style-for-17210-1\" ><div id=\"pgc-17210-1-0\"  class=\"panel-grid-cell\" ><div id=\"panel-17210-1-0-0\" class=\"so-panel widget widget_media_image panel-first-child\" data-index=\"1\" ><a href=\"\/lt\/kursai\/\"><img loading=\"lazy\" decoding=\"async\" class=\"image \" src=\"\/wp-content\/uploads\/2020\/06\/kursi.jpg\" alt=\"\" width=\"307\" height=\"266\" \/><\/a><\/div><div id=\"panel-17210-1-0-1\" class=\"widget_text so-panel widget widget_custom_html panel-last-child\" data-index=\"2\" ><div class=\"textwidget custom-html-widget\"><center><h3><a>Paskaitos<\/a><\/h3><\/center><\/div><\/div><\/div><div id=\"pgc-17210-1-1\"  class=\"panel-grid-cell\" ><div id=\"panel-17210-1-1-0\" class=\"so-panel widget widget_media_image panel-first-child\" data-index=\"3\" ><a href=\"\/lt\/aktualu\/\"><img loading=\"lazy\" decoding=\"async\" class=\"image \" src=\"\/wp-content\/uploads\/2020\/08\/icon.png\" alt=\"\" width=\"307\" height=\"266\" \/><\/a><\/div><div id=\"panel-17210-1-1-1\" class=\"widget_text so-panel widget widget_custom_html panel-last-child\" data-index=\"4\" ><div class=\"textwidget custom-html-widget\">Aktualu<\/a><\/h3><\/center><\/div><\/div><\/div><\/div><\/div><div id=\"pg-17210-2\"  class=\"panel-grid panel-no-style\" ><div id=\"pgc-17210-2-0\"  class=\"panel-grid-cell panel-grid-cell-empty\" ><\/div><\/div><\/div>","protected":false},"excerpt":{"rendered":"<p>Sveiki atvyk\u0119, Portalo lankytojas Jeigu kilo klausim\u0173, turite komentar\u0173 arba pasi\u016blym\u0173, maloniai pra\u0161ome susisiekti su e. mokym\u0173 portalo administratoriumi u\u017epild\u017eius kontaktin\u0119 form\u0105 skiltyje kontaktai. PaskaitosAktualu&#8230; <a class=\"moretag\" href=\"https:\/\/open.olpha.eu\/lt\/\">Skaityti daugiau &raquo;<\/a><\/p>\n","protected":false},"author":19,"featured_media":0,"parent":0,"menu_order":22,"comment_status":"closed","ping_status":"closed","template":"page-slider.php","meta":{"footnotes":""},"class_list":["post-17210","page","type-page","status-publish","hentry"],"_links":{"self":[{"href":"https:\/\/open.olpha.eu\/lt\/wp-json\/wp\/v2\/pages\/17210","targetHints":{"allow":["GET"]}}],"collection":[{"href":"https:\/\/open.olpha.eu\/lt\/wp-json\/wp\/v2\/pages"}],"about":[{"href":"https:\/\/open.olpha.eu\/lt\/wp-json\/wp\/v2\/types\/page"}],"author":[{"embeddable":true,"href":"https:\/\/open.olpha.eu\/lt\/wp-json\/wp\/v2\/users\/19"}],"replies":[{"embeddable":true,"href":"https:\/\/open.olpha.eu\/lt\/wp-json\/wp\/v2\/comments?post=17210"}],"version-history":[{"count":0,"href":"https:\/\/open.olpha.eu\/lt\/wp-json\/wp\/v2\/pages\/17210\/revisions"}],"wp:attachment":[{"href":"https:\/\/open.olpha.eu\/lt\/wp-json\/wp\/v2\/media?parent=17210"}],"curies":[{"name":"wp","href":"https:\/\/api.w.org\/{rel}","templated":true}]}}