              {"id":17849,"date":"2020-06-27T01:10:39","date_gmt":"2020-06-26T22:10:39","guid":{"rendered":"https:\/\/open.olainfarm.com\/?page_id=17849"},"modified":"2025-04-14T17:21:11","modified_gmt":"2025-04-14T14:21:11","slug":"leidimas","status":"publish","type":"page","link":"https:\/\/open.olpha.eu\/lt\/leidimas\/","title":{"rendered":"Mano profilis"},"content":{"rendered":"<div id=\"pl-17849\"  class=\"panel-layout\" ><div id=\"pg-17849-0\"  class=\"panel-grid panel-no-style\" ><div id=\"pgc-17849-0-0\"  class=\"panel-grid-cell\" ><div id=\"panel-17849-0-0-0\" class=\"so-panel widget widget_sow-editor panel-first-child panel-last-child\" data-index=\"0\" ><div\n\t\t\t\n\t\t\tclass=\"so-widget-sow-editor so-widget-sow-editor-base\"\n\t\t\t\n\t\t>\n<div class=\"siteorigin-widget-tinymce textwidget\">\n\t<p><!-- wp:shortcode --><\/p>\n<main class=\"col-xs-12 \">\n\n\t\t\t\t\t\n<article id=\"post-12326\" class=\"post-12326 page type-page status-publish hentry\">\n\n\t<div class=\"entry-content\">\n\t\n\t\t<div class=\"woocommerce\"><div class=\"woocommerce-notices-wrapper\"><\/div>\n\n\t\t\n    \n        \n\t\t\t\t<div class=\"container\">\n\t\t\t\t\t<div class=\"row\">\n\t\t\t\t\t\t<div class=\"col-lg-6\">\n    \n              <h2 class=\"text-center\">Autorizacija<\/h2>\n\n              <form class=\"woocommerce-form woocommerce-form-login login\" method=\"post\" action=\"\">\n                <p class=\"woocommerce-form-row woocommerce-form-row--wide form-row form-row-wide\">\n                  <label for=\"username\">Vartotojo vardas&nbsp;<span class=\"required\">*<\/span><\/label>\n                  <input type=\"text\" class=\"woocommerce-Input woocommerce-Input--text input-text\" name=\"username\" id=\"username\" autocomplete=\"username\" value=\"\" \/><\/p>\n                <p class=\"woocommerce-form-row woocommerce-form-row--wide form-row form-row-wide\">\n                  <label for=\"password\">Slapta\u017eodis&nbsp;<span class=\"required\">*<\/span><\/label>\n                  <input class=\"woocommerce-Input woocommerce-Input--text input-text\" type=\"password\" name=\"password\" id=\"password\" autocomplete=\"current-password\" \/>\n                <\/p>\n                <p class=\"form-row\">\n                  <button type=\"submit\" class=\"woocommerce-button button woocommerce-form-login__submit\" name=\"login\" value=\"Prisijungti\">Prisijungti<\/button>\n                <\/p>\n                                <p class=\"woocommerce-LostPassword lost_password\">\n                  <a href=\"https:\/\/moodle.olpha.eu\/login\/forgot_password.php\">Pamir\u0161ote slapta\u017eod\u012f ar vartotojo vard\u0105? Spauskite \u010dia!<\/a>\n                <\/p>\n              <\/form>\n\n            <\/div>\n\n            <div class=\"col-lg-6\">\n\n              <h2 class=\"text-center\">Registracija<\/h2>\n                            \n              <form class=\"woocommerce-form woocommerce-form-login login\" method=\"get\" action=\"https:\/\/open.olpha.eu\/lt\/registracija\/\">\n                 <p style=\"margin: 0 0 20px 0;\">\n                  Nor\u0117dami dalyvauti seminare\/internetiniame seminare ar bet kuriame kitame u\u017edarosios akcin\u0117s bendrov\u0117s \"Olpha\" (toliau \u2013 Olpha) organizuojamame renginyje, turite susikurti paskyr\u0105 sveikatos prie\u017ei\u016bros specialist\u0173 portale \"Open Olpha\".                <\/p>\n\n                <p>\n                  Susik\u016br\u0119 PASKYR\u0104, gal\u0117site:                <\/p>\n\n                <ul style=\"margin-left: 20px; padding-left: 20px;\">\n                  <li style=\"list-style: disc; list-style-type: disc;\">Registruokit\u0117s \u012f pasirinkt\u0105 rengin\u012f<\/li>\n                  <li style=\"list-style: disc; list-style-type: disc;\">Gaukite patvirtinim\u0105 apie dalyvavim\u0105 Var\u017eybose savo paskyroje<\/li>\n                  <li style=\"list-style: disc; list-style-type: disc;\">Gaukite naujausi\u0105 informacij\u0105 sveikatos prie\u017ei\u016bros specialistams<\/li>\n                <\/ul>\n\n                <button type=\"submit\" class=\"woocommerce-button button woocommerce-form-login__submit\" name=\"rb\" value=\"1\">Registruotis<\/button>\n\n              <\/form>\n\n            <\/div>\n          <\/div>\n        <\/div>\n    \n    \n<\/div>\n\n\t<\/div><!-- .entry-content -->\n<\/article><!-- #post-## -->\n\n\t\t\t\t<\/main> \n    \n<\/div>\n<\/div><\/div><\/div><\/div><\/div>","protected":false},"excerpt":{"rendered":"<p>Autorizacija Vartotojo vardas&nbsp;* Slapta\u017eodis&nbsp;* Prisijungti Pamir\u0161ote slapta\u017eod\u012f ar vartotojo vard\u0105? Spauskite \u010dia! Registracija Nor\u0117dami dalyvauti seminare\/internetiniame seminare ar bet kuriame kitame u\u017edarosios akcin\u0117s bendrov\u0117s &#8222;Olpha&#8221; (toliau \u2013 Olpha) organizuojamame renginyje, turite susikurti paskyr\u0105 sveikatos prie\u017ei\u016bros specialist\u0173 portale &#8222;Open Olpha&#8221;. Susik\u016br\u0119 PASKYR\u0104, gal\u0117site: Registruokit\u0117s \u012f pasirinkt\u0105 rengin\u012f Gaukite patvirtinim\u0105 apie dalyvavim\u0105 Var\u017eybose savo paskyroje Gaukite naujausi\u0105&#8230; <a class=\"moretag\" href=\"https:\/\/open.olpha.eu\/lt\/leidimas\/\">Skaityti daugiau &raquo;<\/a><\/p>\n","protected":false},"author":13,"featured_media":17232,"parent":0,"menu_order":11,"comment_status":"closed","ping_status":"closed","template":"","meta":{"footnotes":""},"class_list":["post-17849","page","type-page","status-publish","has-post-thumbnail","hentry"],"_links":{"self":[{"href":"https:\/\/open.olpha.eu\/lt\/wp-json\/wp\/v2\/pages\/17849","targetHints":{"allow":["GET"]}}],"collection":[{"href":"https:\/\/open.olpha.eu\/lt\/wp-json\/wp\/v2\/pages"}],"about":[{"href":"https:\/\/open.olpha.eu\/lt\/wp-json\/wp\/v2\/types\/page"}],"author":[{"embeddable":true,"href":"https:\/\/open.olpha.eu\/lt\/wp-json\/wp\/v2\/users\/13"}],"replies":[{"embeddable":true,"href":"https:\/\/open.olpha.eu\/lt\/wp-json\/wp\/v2\/comments?post=17849"}],"version-history":[{"count":0,"href":"https:\/\/open.olpha.eu\/lt\/wp-json\/wp\/v2\/pages\/17849\/revisions"}],"wp:featuredmedia":[{"embeddable":true,"href":"https:\/\/open.olpha.eu\/lt\/wp-json\/wp\/v2\/media\/17232"}],"wp:attachment":[{"href":"https:\/\/open.olpha.eu\/lt\/wp-json\/wp\/v2\/media?parent=17849"}],"curies":[{"name":"wp","href":"https:\/\/api.w.org\/{rel}","templated":true}]}}