              {"id":17853,"date":"2016-07-28T10:46:34","date_gmt":"2016-07-28T07:46:34","guid":{"rendered":"https:\/\/open.olainfarm.com\/?page_id=17853"},"modified":"2025-05-20T13:55:35","modified_gmt":"2025-05-20T10:55:35","slug":"apie-portala","status":"publish","type":"page","link":"https:\/\/open.olpha.eu\/lt\/apie-portala\/","title":{"rendered":"Apie portal\u0105"},"content":{"rendered":"<div id=\"pl-17853\"  class=\"panel-layout\" ><div id=\"pg-17853-0\"  class=\"panel-grid panel-no-style\" ><div id=\"pgc-17853-0-0\"  class=\"panel-grid-cell panel-grid-cell-mobile-last\" ><div id=\"panel-17853-0-0-0\" class=\"so-panel widget widget_sow-editor panel-first-child panel-last-child\" data-index=\"0\" ><div class=\"shadow-box overlap-right animate animate-1 panel-widget-style panel-widget-style-for-17853-0-0-0\" ><div\n\t\t\t\n\t\t\tclass=\"so-widget-sow-editor so-widget-sow-editor-base\"\n\t\t\t\n\t\t>\n<div class=\"siteorigin-widget-tinymce textwidget\">\n\t<span class=\"subtitle dash-false style-dark\">Apie portal\u0105<\/span>\n<h2><strong>Kas yra \u201eOlpha\u201c mokym\u0173 portalas?<\/strong><\/h2>\n<div class=\"dash style-dark\"><\/div>\n<p>\u201eOlpha\u201c mokym\u0173 portalas yra interneto svetain\u0117, skirta sveikatos prie\u017ei\u016bros specialistams. Joje registruoti naudotojai gali susipa\u017einti su aktualia informacija apie AB \u201eOlpha\u201c preparatus. Taip pat si\u016blome galimyb\u0119 \u017ei\u016br\u0117ti vaizdo paskaitas ir \u012fgyti nauj\u0173 \u017eini\u0173.<\/p>\n<p style=\"text-align: left;\">Daugiau apie bendrov\u0119 \u201eOlpha\u201c: <a href=\"https:\/\/olpha.lt\/\">https:\/\/olpha.lt\/<\/a><\/p>\n<\/div>\n<\/div><\/div><\/div><\/div><div id=\"pgc-17853-0-1\"  class=\"panel-grid-cell panel-grid-cell-empty\" ><\/div><\/div><div id=\"pg-17853-1\"  class=\"panel-grid panel-no-style\" ><div id=\"pgc-17853-1-0\"  class=\"panel-grid-cell panel-grid-cell-empty\" ><\/div><\/div><\/div>","protected":false},"excerpt":{"rendered":"<p>Kas yra \u201eOlpha\u201c mokym\u0173 portalas? \u201eOlpha\u201c mokym\u0173 portalas yra interneto svetain\u0117, skirta sveikatos prie\u017ei\u016bros specialistams. Joje registruoti naudotojai gali susipa\u017einti su aktualia informacija apie AB \u201eOlpha\u201c preparatus. Taip pat si\u016blome galimyb\u0119 \u017ei\u016br\u0117ti vaizdo paskaitas ir \u012fgyti nauj\u0173 \u017eini\u0173. Daugiau apie bendrov\u0119 \u201eOlpha\u201c: https:\/\/olpha.lt\/&#8230; <a class=\"moretag\" href=\"https:\/\/open.olpha.eu\/lt\/apie-portala\/\">Skaityti daugiau &raquo;<\/a><\/p>\n","protected":false},"author":20,"featured_media":0,"parent":0,"menu_order":14,"comment_status":"closed","ping_status":"closed","template":"","meta":{"footnotes":""},"class_list":["post-17853","page","type-page","status-publish","hentry"],"_links":{"self":[{"href":"https:\/\/open.olpha.eu\/lt\/wp-json\/wp\/v2\/pages\/17853","targetHints":{"allow":["GET"]}}],"collection":[{"href":"https:\/\/open.olpha.eu\/lt\/wp-json\/wp\/v2\/pages"}],"about":[{"href":"https:\/\/open.olpha.eu\/lt\/wp-json\/wp\/v2\/types\/page"}],"author":[{"embeddable":true,"href":"https:\/\/open.olpha.eu\/lt\/wp-json\/wp\/v2\/users\/20"}],"replies":[{"embeddable":true,"href":"https:\/\/open.olpha.eu\/lt\/wp-json\/wp\/v2\/comments?post=17853"}],"version-history":[{"count":2,"href":"https:\/\/open.olpha.eu\/lt\/wp-json\/wp\/v2\/pages\/17853\/revisions"}],"predecessor-version":[{"id":38186,"href":"https:\/\/open.olpha.eu\/lt\/wp-json\/wp\/v2\/pages\/17853\/revisions\/38186"}],"wp:attachment":[{"href":"https:\/\/open.olpha.eu\/lt\/wp-json\/wp\/v2\/media?parent=17853"}],"curies":[{"name":"wp","href":"https:\/\/api.w.org\/{rel}","templated":true}]}}