              {"id":17948,"date":"2020-06-26T23:31:21","date_gmt":"2020-06-26T20:31:21","guid":{"rendered":"https:\/\/open.olainfarm.com\/?page_id=17948"},"modified":"2022-01-03T12:52:43","modified_gmt":"2022-01-03T10:52:43","slug":"privatumo-politika","status":"publish","type":"page","link":"https:\/\/open.olpha.eu\/lt\/privatumo-politika\/","title":{"rendered":"Privatumo politika"},"content":{"rendered":"<h2><span style=\"color: #00938b;\">RINKODAROS PRIVATUMO PRANE\u0160IMAS <br\/>apie \u201eOpen Olpha\u201c ir renginius\u00a0 <\/h2><\/span> \r\n\r\n<h3><span style=\"color: #00938b;\">Bendroji informacija <\/h3><\/span>\r\n<ol>\r\n<li>\u0160ios privatumo i\u0161lygos (toliau \u2013 I\u0161lyga) tikslas yra pagal Bendrojo duomen\u0173 apsaugos reglamento<a href=\"#_ftn1\" name=\"_ftnref1\">[1]<\/a> (toliau \u2013 BDAR) 12 ir 13 straipsnius suteikti sveikatos prie\u017ei\u016bros specialistams (toliau \u2013 SPS) informacij\u0105 apie akcin\u0117s bendrov\u0117s \u201eOlpha\u201c, registracijos Nr. 40003007246, (toliau \u2013 Bendrov\u0117), SPS asmens duomen\u0173 tvarkym\u0105 \u0161iais tikslais:<\/li>\r\n<\/ol>\r\n<ul>\r\n<li>&#8211; portalo SPS \u201eOpen Olpha\u201c (toliau \u2013 Portalas) veikla;<\/li>\r\n<li>&#8211; rengini\u0173 SPS, pavyzd\u017eiui, seminar\u0173, nuotolini\u0173 rengini\u0173, konferencij\u0173, (toliau \u2013 Renginiai) vykdymas;<\/li>\r\n<li>&#8211; Bendrov\u0117s komunikacija su SPS d\u0117l Bendrov\u0117s produkt\u0173 ir Rengini\u0173.<\/li>\r\n<\/ul>\r\n<ol start=\"2\">\r\n<li>Bendrov\u0117 grie\u017etai laikosi asmens duomen\u0173 apsaugos reikalavim\u0173 ir informuodama pateikia \u0161i\u0105 I\u0161lyg\u0105, kad SPS gal\u0117t\u0173 geriau suprasti, kas, kod\u0117l ir kaip daroma su SPS pateiktais asmens duomenimis.<\/li>\r\n<li>I\u0161lygoje s\u0105vokos \u201eduomen\u0173 valdytojas\u201c, \u201eduomen\u0173 tvarkytojas\u201c, \u201easmens duomenys\u201c, \u201etvarkymas\u201c, \u201eduomen\u0173 subjektas\u201c vartojamos, kaip apibr\u0117\u017eta BDAR 4 straipsnyje.<\/li>\r\n<\/ol>\r\n<h3><span style=\"color: #00938b;\">Duomen\u0173 valdytojas\u00a0\u00a0\u00a0\u00a0 <\/h3><\/span>\r\n<ol start=\"4\">\r\n<li>Duomen\u0173 valdytojas \u2013 akcin\u0117 bendrov\u0117 \u201eOlpha\u201c. Valdytojo kontaktin\u0117 informacija asmens duomen\u0173 apsaugos klausimais:<\/li>\r\n<\/ol>\r\n<ul>\r\n<li>&#8211; juridinis adresas R\u016bpn\u012bcu iela 5, LV-2114 Olaine, Olaines novads;<\/li>\r\n<li>&#8211; pa\u0161to adresas: <a href=\"mailto:dataprotection@olainfarm.com\">dataprotection@olainfarm.com<\/a>;<\/li>\r\n<li>&#8211; telefono numeris +371 28327856.<\/li>\r\n<\/ul>\r\n<h3><span style=\"color: #00938b;\">Asmens duomen\u0173 gavimo \u0161altinis<\/h3><\/span>\r\n<ol start=\"5\">\r\n<li>Bendrov\u0117 asmens duomenis gauna i\u0161 paties duomen\u0173 subjekto (SPS), kai SPS susikuria paskyr\u0105 Portale, registruojasi ir atvyksta \u012f Rengin\u012f. Laikoma, kad asmens duomenys i\u0161 duomen\u0173 subjekto (SPS) gauti ir tuo atveju, kai Portale paskyr\u0105 sukuria ir Renginio dalyvio registracij\u0105 SPS vardu atlieka kitas asmuo. \u0160is asmuo yra visi\u0161kai atsakingas ir garantuoja, kad turi teis\u0119, remdamasis BDAR, pateikti I\u0161lygoje nurodytus SPS asmens duomenis Bendrovei ir (arba) jo pareiga yra pateikti SPS I\u0161lygoje nurodyt\u0105 informacij\u0105.<\/li>\r\n<\/ol>\r\n<h3><span style=\"color: #00938b;\">Tvarkom\u0173 asmens duomen\u0173 r\u016b\u0161ys<\/h3><\/span>\r\n<ol start=\"6\">\r\n<li>Tvarkom\u0173 asmens duomen\u0173 kiekis gali skirtis pagal tvarkymo tiksl\u0105. Bendrov\u0117 gali tvarkyti \u0161iuos SPS asmens duomenis:<\/li>\r\n<\/ol>\r\n<ul>\r\n<li>&#8211; vardas, pavard\u0117;<\/li>\r\n<li>&#8211; pa\u0161to adresas, telefono numeris;<\/li>\r\n<li>&#8211; jungimosi prie Portalo naudotojo vardas ir slapta\u017eodis;<\/li>\r\n<li>&#8211; informacija apie specialyb\u0119;<\/li>\r\n<li>&#8211; informacija apie miest\u0105, kuriame SPS dirba;<\/li>\r\n<li>&#8211; informacija apie Renginius, kuriuose SPS planuoja dalyvauti (u\u017esiregistravo) arba dalyvavo, SPS \u012fgyti nuotolinio mokymo ta\u0161kai u\u017e dalyvavim\u0105 Renginyje;<\/li>\r\n<li>&#8211; informacija, \u012ftraukta \u012f SPS ir Bendrov\u0117s komunikacij\u0105 Portale, Renginio metu arba el.\u00a0pa\u0161tu bei telefonu;<\/li>\r\n<li>&#8211; Renginio, \u012fskaitant nuotolin\u012f Rengin\u012f, vaizdo ir garso \u012fra\u0161as, kur\u012f Bendrov\u0117 gali padaryti, kad Renginio \u012fra\u0161as b\u016bt\u0173 prieinamas kitiems SPS \u0161vietimo tikslais. Tod\u0117l SPS turi atsi\u017evelgti \u012f tai, kad SPS asmens duomenys, kuriuos gaus konkretaus Renginio dalyviai (pavyzd\u017eiui, SPS u\u017eduodant klausim\u0105 Renginio metu), gali b\u016bti prieinami ir kitiems SPS, kurie tur\u0117s prieig\u0105 prie Renginio \u012fra\u0161o.<\/li>\r\n<li>&#8211; Informacija apie SPS veikl\u0105 Portale (pavyzd\u017eiui, informacija, kada sukurta paskyra, prisijungta ir atsijungta nuo paskyros, koks paskyros naudotojo IP adresas, kiek laiko buvo vykdoma veikla Portale).<\/li>\r\n<\/ul>\r\n<h3><span style=\"color: #00938b;\">Asmens duomen\u0173 tvarkymo tikslai <\/h3><\/span>\r\n<ol start=\"7\">\r\n<li>Bendrov\u0117 asmens duomenis tvarko siekdama u\u017etikrinti, kad SPS gal\u0117t\u0173 dalyvauti Renginiuose, pasirinktame konkre\u010diame Renginyje ir gauti pa\u017eym\u0117jim\u0105, nuotolinio mokymo ta\u0161k\u0173 u\u017e dalyvavim\u0105 Renginyje (jeigu konkretaus Renginio formatas toks, kad numatoma i\u0161duoti pa\u017eym\u0117jim\u0105 ir skirti nuotolinio mokymo ta\u0161k\u0173), ir kad Bendrov\u0117 gal\u0117t\u0173 patvirtinti, jog SPS dalyvavo Renginyje.<\/li>\r\n<li>Bendrov\u0117 gali susisiekti su SPS naudodamasi ry\u0161io priemon\u0117mis, nurodytomis Portalo paskyroje, arba SPS nurodytu elektroninio pa\u0161to adresu bei telefono numeriu, siekdama suteikti SPS informacij\u0105 apie:<\/li>\r\n<\/ol>\r\n<ul>\r\n<li>&#8211; paskyros veikl\u0105 (pavyzd\u017eiui, Portalo pakeitimus \/ patobulinimus \/ technines problemas);<\/li>\r\n<li>&#8211; Rengin\u012f, \u012f kur\u012f SPS yra u\u017esiregistrav\u0119s;<\/li>\r\n<li>&#8211; kitus aktualius Renginius ir Bendrov\u0117s gaminamus produktus (\u012fskaitant \u0161i\u0173 produkt\u0173 naudojim\u0105, pakuotes, dozes, papildus, apra\u0161o ir naudojimo instrukcij\u0173 pakeitimus), taip pat susitarti d\u0117l galimyb\u0117s susitikti d\u0117l \u0161i\u0173 produkt\u0173.<\/li>\r\n<\/ul>\r\n<ol start=\"9\">\r\n<li>Bendrov\u0117 gali susisiekti su SPS naudodamasi ry\u0161io priemon\u0117mis, nurodytomis Portalo paskyroje, arba SPS nurodytu elektroninio pa\u0161to adresu bei telefono numeriu, jeigu susisiekti reikia SPS nurodytai problemai i\u0161spr\u0119sti.<\/li>\r\n<li>Bendrov\u0117 gali i\u0161saugoti ir analizuoti informacij\u0105 apie SPS specialyb\u0119, miest\u0105, kuriame SPS dirba, Renginius, kuriuose SPS dalyvavo arba \u012f kuriuos u\u017esiregistravo, Bendrov\u0117s siun\u010diam\u0105 informacij\u0105 SPS, kad b\u016bt\u0173 parengta kuo labiau SPS interesus ir praktikos pob\u016bd\u012f atitinkanti informacija, kuri\u0105 Bendrov\u0117 planuoja si\u0173sti SPS.<\/li>\r\n<li>Bendrov\u0117 gali i\u0161saugoti ir naudoti informacij\u0105 apie SPS veikl\u0105 Portale, kad pagerint\u0173 Portalo funkcionavim\u0105 ir saugum\u0105.<\/li>\r\n<li>I\u0161lygos 6.8 punkte nurodyt\u0105 renginio \u012fra\u0161\u0105 Bendrov\u0117 gali sukurti ir \u0161vietimo tikslais suteikti prieig\u0105 prie jo kitiems SPS.<\/li>\r\n<li>Bendrov\u0117 asmens duomenis tvarko kitu, I\u0161lygoje nenurodytu tikslu tik tuo atveju, jeigu toks asmens duomen\u0173 tvarkymas yra numatytas pagal teis\u0117s aktus arba duomen\u0173 subjektas yra dav\u0119s sutikim\u0105 d\u0117l tokio tvarkymo, arba tas duomen\u0173 tvarkymo tikslas neprie\u0161tarauja BDAR.<\/li>\r\n<\/ol>\r\n<h3><span style=\"color: #00938b;\">Asmens duomen\u0173 tvarkymo pagrindas<\/h3><\/span>\r\n<ol start=\"14\">\r\n<li>Asmens duomen\u0173 tvarkymas, apra\u0161omas I\u0161lygos 7\u201312 punktuose, vykdomas u\u017etikrinant teis\u0117tus <strong>Bendrov\u0117s interesus<\/strong> (BDAR 6 straipsnio 1 dalies f punktas). Tokiu asmens duomen\u0173 tvarkymo atveju Bendrov\u0117 turi \u012fvertinti ir u\u017etikrinti savo teis\u0117t\u0173 interes\u0173 ir duomen\u0173 subjekto teisi\u0173 ir laisvi\u0173 proporcingum\u0105. Bendrovei b\u016btina tvarkyti \u0161iuos asmens duomenis, kad b\u016bt\u0173 apsaugoti \u0161ie teis\u0117ti interesai:<\/li>\r\n<\/ol>\r\n<ul>\r\n<li>&#8211; Bendrov\u0117s komercin\u0117s veiklos vykdymas;<\/li>\r\n<li>&#8211; \u0161vietimo galimybi\u0173 SPS u\u017etikrinimas;<\/li>\r\n<li>&#8211; Bendrov\u0117s komercin\u0117s veiklos pl\u0117tra, analizavimas ir planavimas;<\/li>\r\n<li>&#8211; Bendrov\u0117s \u012fvaizd\u017eio, gamini\u0173 populiarinimas;<\/li>\r\n<li>&#8211; informacijos apie Bendrov\u0117s gaminius gavimas i\u0161 SPS, kad prireikus b\u016bt\u0173 galima juos tobulinti ir keisti;<\/li>\r\n<li>&#8211; pozityvus bendradarbiavimas ir bendravimas su SPS;<\/li>\r\n<li>&#8211; teisin\u0117s ir kitos rizikos kaip informacijos saugumas valdymas;<\/li>\r\n<li>&#8211; kiti I\u0161lygoje nurodyti interesai ir tikslai.<\/li>\r\n<\/ul>\r\n<ol start=\"15\">\r\n<li>Asmens duomenys, nurodyti I\u0161lygos 8.3 punkte, gali b\u016bti tvarkomi <strong>SPS sutikimu<\/strong> (BDAR 6 straipsnio 1 dalies a punktas).<\/li>\r\n<li>Bendrov\u0117 gali b\u016bti \u012fpareigota <strong>teis\u0117s aktuose nustatytais atvejais<\/strong> asmens duomenis pateikti arba gauti i\u0161 i\u0161or\u0117s institucij\u0173, nurodyt\u0173 teis\u0117s aktuose, pavyzd\u017eiui, policijos, teismo. \u0160i\u0173 asmens duomen\u0173 tvarkymo pagrindas ir tikslas nustatyti BDAR 6 straipsnio 1 dalies c punkte.<\/li>\r\n<li>Asmens duomenys nenaudojami automatizuoto sprendim\u0173 pri\u0117mimo tikslu, kaip apibr\u0117\u017eta BDAR 22 straipsnyje.<\/li>\r\n<\/ol>\r\n<h3><span style=\"color: #00938b;\">Asmens duomen\u0173 gav\u0117jas<\/h3><\/span>\r\n<ol start=\"18\">\r\n<li>Bendrov\u0117 gali perduoti asmens duomenis savo pasitelktam duomen\u0173 tvarkytojui \u2013 tai b\u016bt\u0173 ne tre\u010dioji \u0161alis, o prekybininkas arba fizinis asmuo, kuris tvarko asmens duomenis Bendrov\u0117s vardu ir pagal jos u\u017esakym\u0105, remdamasis konkre\u010diais Bendrov\u0117s nurodymais. Duomen\u0173 tvarkytojas yra \u012fsipareigoj\u0119s u\u017etikrinti asmens duomen\u0173 saugum\u0105 ir jam leid\u017eiama naudoti asmens duomenis tik Bendrov\u0117s nurodytai veiklai ir tikslams. Pavyzd\u017eiui, Bendrov\u0117 gali pasitelkti duomen\u0173 tvarkytoj\u0105, kad \u0161is u\u017etikrint\u0173 asmens duomen\u0173 apsaug\u0105 ar i\u0161si\u0173st\u0173 Bendrov\u0117s nurodyt\u0105 informacij\u0105 Bendrov\u0117s nurodytiems gav\u0117jams. Bendrov\u0117, naudodamasi duomen\u0173 tvarkytojo paslaugomis asmens duomenims saugoti, gali perduoti asmens duomenis u\u017e Europos S\u0105jungos ir Europos ekonomin\u0117s erdv\u0117s rib\u0173. Esant tokiai situacijai, asmens duomen\u0173 perdavimas ir apsauga u\u017etikrinama sudarant sutart\u012f su duomen\u0173 tvarkytoju (asmens duomen\u0173 gav\u0117ju), kuris atitinka Europos Komisijos nustatytas standartines duomen\u0173 apsaugos s\u0105lygas.<\/li>\r\n<li>Bendrov\u0117 gali b\u016bti \u012fpareigota teis\u0117s aktuose nustatytais atvejais asmens duomenis perduoti valstyb\u0117s ir (arba) vietos vald\u017eios institucijai, kuri vykdo Bendrov\u0117s arba SPS veiklos kontrol\u0119 arba kuriai Bendrov\u0117s turima informacija reikalinga veiklai vykdyti.<\/li>\r\n<li>Bendrov\u0117, remdamasi savo teis\u0117tais interesais, gali perduoti asmens duomenis arba suteikti prieig\u0105 prie j\u0173 savo profesin\u0117s veiklos konsultantui.<\/li>\r\n<li>SPS dalyvavimas ir veiksmai Renginyje gali suteikti informacijos apie SPS dalyvavim\u0105 Renginyje kitiems Renginio dalyviams ir kitiems SPS, kuriems Bendrov\u0117 gali suteikti prieig\u0105 prie Renginio \u012fra\u0161o, nurodyto I\u0161lygos 6.8 punkte. Renginio \u012fra\u0161as, nurodytas I\u0161lygos 6.8 punkte, gali b\u016bti \u012fd\u0117tas \u012f Bendrov\u0117s interneto svetaines arba Bendrov\u0117s partneri\u0173 (kit\u0173 duomen\u0173 tvarkytoj\u0173) svetaines SPS \u0161vietimo tikslais.<\/li>\r\n<\/ol>\r\n<h3><span style=\"color: #00938b;\">Asmens duomen\u0173 tvarkymo trukm\u0117<\/h3><\/span>\r\n<ol start=\"22\">\r\n<li>Bendrov\u0117 asmens duomenis saugo laikydamasi BDAR nuostat\u0173 tol, kol to reikia teis\u0117tam tikslui. Kai pasiekiamas teis\u0117tas tikslas, asmens duomenys i\u0161trinami, anonimizuojami arba sunaikinami.<\/li>\r\n<li>Bendrov\u0117 nustos si\u0173sti SPS informacij\u0105 apie Renginius ir Bendrov\u0117s gaminius I\u0161lygos 8.3 punkte nurodytu atveju, jeigu SPS to pareikalaus. Bendrov\u0117 i\u0161trins asmens duomenis i\u0161 SPS paskyros Portale, nebeteiks prieigos prie paskyros ir nustos naudoti \u0161iuos asmens duomenis, jeigu SPS to papra\u0161ys arba jeigu SPS nenaudos paskyros ilgiau nei 5 metus.<\/li>\r\n<li>Bendrov\u0117s parengtas Renginio \u012fra\u0161as, nurodytas I\u0161lygos 6.8 punkte, gali b\u016bti i\u0161saugotas ir gali b\u016bti u\u017etikrintas jo prieinamumas SPS, kol Renginio metu pateikta informacija nebebus aktuali. Bendrov\u0117 reguliariai vertina Rengini\u0173 \u012fra\u0161\u0173 aktualum\u0105.<\/li>\r\n<li>Jeigu asmens duomenys tvarkomi gavus duomen\u0173 subjekto sutikim\u0105, asmens duomenys saugomi tol, kol sutikimas at\u0161aukiamas, jei konkretaus sutikimo atveju nenumatytas trumpesnis laikotarpis, arba jei tvarkyti duomenis po sutikimo at\u0161aukimo n\u0117ra jokio teisinio pagrindo.<\/li>\r\n<li>Asmens duomenis, kurie Bendrovei reikalingi, kad \u012frodyt\u0173, jog laikosi \u012fsipareigojim\u0173, Bendrov\u0117, remdamasi savo teis\u0117tais interesais, gali saugoti ir po to, kai SPS papra\u0161o nutraukti asmens duomen\u0173 tvarkym\u0105, bet laikydamasi ie\u0161kini\u0173 senaties termino, kuris pagal Latvijos Respublikos civilin\u012f \u012fstatym\u0105 yra 10 met\u0173 arba pagal Komercijos \u012fstatym\u0105 3 metai, arba kito termino, atsi\u017evelgiant \u012f Civilinio proceso \u012fstatyme nustatyt\u0105 ie\u0161kini\u0173 parei\u0161kimo ir (arba) pra\u0161ym\u0173 pateikimo termin\u0105. Kilus gin\u010dui d\u0117l Bendrov\u0117s \u012fsipareigojim\u0173 vykdymo arba inicijavus patikrinim\u0105, asmens duomenys gali b\u016bti saugomi tol, kol gin\u010das bus visi\u0161kai i\u0161spr\u0119stas arba patikrinimas bus baigtas.<\/li>\r\n<\/ol>\r\n<h3><span style=\"color: #00938b;\">Duomen\u0173 subjekto \u2013 SPS \u2013 teis\u0117s <\/h3><\/span>\r\n<ol start=\"27\">\r\n<li>Duomen\u0173 subjektas turi \u0161ias teises:<\/li>\r\n<\/ol>\r\n<ul>\r\n<li>&#8211; pra\u0161yti I\u0161lygos kopijos, papildomos informacijos, paai\u0161kinim\u0173 d\u0117l I\u0161lygoje esan\u010dios informacijos ir Bendrov\u0117s atliekamo asmens duomen\u0173 tvarkymo;<\/li>\r\n<li>&#8211; Bendrov\u0117s pra\u0161yti suteikti informacij\u0105, ar duomen\u0173 subjekto duomenys yra Bendrov\u0117s tvarkomi, ar ne;<\/li>\r\n<li>&#8211; Bendrov\u0117s pra\u0161yti suteikti prieig\u0105 prie jo asmens duomen\u0173;<\/li>\r\n<li>&#8211; Bendrov\u0117s pra\u0161yti nustoti si\u0173sti SPS informacij\u0105 apie Renginius ir Bendrov\u0117s gaminius;<\/li>\r\n<li>&#8211; Bendrov\u0117s pra\u0161yti i\u0161trinti asmens duomenis i\u0161 SPS paskyros ir panaikinti paskyr\u0105;<\/li>\r\n<li>&#8211; prie\u0161tarauti, kad Bendrov\u0117 tvarkyt\u0173 asmens duomenis (nors duomenys b\u016bt\u0173 tvarkomi remiantis Bendrov\u0117s teis\u0117tais interesais, jei duomen\u0173 subjektas manyt\u0173, kad neu\u017etikrinamas interes\u0173 proporcingumas), pra\u0161yti Bendrov\u0117s duomenis i\u0161taisyti, i\u0161trinti, apriboti j\u0173 tvarkym\u0105;<\/li>\r\n<li>&#8211; jeigu asmens duomenys tvarkomi gavus duomen\u0173 subjekto sutikim\u0105, duomen\u0173 subjektas turi teis\u0119 bet kada sutikim\u0105 at\u0161aukti.<\/li>\r\n<\/ul>\r\n<ol start=\"28\">\r\n<li>\u0160ios duomen\u0173 subjekto teis\u0117s tiksliau apibr\u0117\u017etos BDAR 12\u201321 straipsniuose. \u0160ios teis\u0117s n\u0117ra absoliu\u010dios ir gali b\u016bti ribojamos, pavyzd\u017eiui, Bendrov\u0117 turi teis\u0119 atsisakyti nutraukti asmens duomen\u0173 tvarkym\u0105, nurod\u017eiusi pagr\u012fstas teis\u0117tas duomen\u0173 tvarkymo prie\u017eastis, kurios yra svarbesn\u0117s u\u017e duomen\u0173 subjekto interesus, teises ir laisves.<\/li>\r\n<li>Siekdamas \u012fgyvendinti savo teises, duomen\u0173 subjektas turi teis\u0119 kreiptis \u012f Bendrov\u0119, i\u0161si\u0173sdamas pra\u0161ym\u0105 elektroninio pa\u0161to adresu: <a href=\"mailto:dataprotection@olainfarm.com\">dataprotection@olainfarm.com <\/a>arba i\u0161si\u0173sdamas lai\u0161k\u0105 adresu: R\u016bpn\u012bcu iela 5, LV-2114 Olaine, Olaines novads, adresuodamas j\u012f akcinei bendrovei \u201eOlpha\u201c.<\/li>\r\n<li>Bendrov\u0117s veikl\u0105, kuriai taikomi asmens duomen\u0173 apsaugos reikalavimai, kontroliuoja Valstybin\u0117 duomen\u0173 inspekcija. Kad b\u016bt\u0173 galima kuo grei\u010diau i\u0161spr\u0119sti kilusius nesutarimus arba b\u016bt\u0173 atsakyta \u012f klausimus, duomen\u0173 subjektas pirmiausia tur\u0117t\u0173 susisiekti su Bendrove, kaip nurodyta I\u0161lygos 29 punkte. Duomen\u0173 subjektas taip pat turi teis\u0119 pateikti skund\u0105 Valstybinei duomen\u0173 inspekcijai (adresas: Elijas iela 17, LV-1050 Ryga; el.\u00a0pa\u0161to adresas <a href=\"mailto:info@dvi.gov.lv\">info@dvi.gov.lv<\/a>; tel.+371 67223131, interneto svetain\u0117s adresas<a href=\"http:\/\/www.dvi.gov.lv\/\">dvi.gov.lv<\/a>).<\/li>\r\n<\/ol>\r\n<p><a href=\"#_ftnref1\" name=\"_ftn1\">[1]<\/a><em>EUROPOS PARLAMENTO IR TARYBOS REGLAMENTAS (ES) 2016\/679 (2016 m. baland\u017eio 27 d.) d\u0117l asmen\u0173 apsaugos tvarkant asmens duomenis ir d\u0117l laisvo toki\u0173 duomen\u0173 jud\u0117jimo, kuriuo panaikinama Direktyva 95\/46\/EB (Bendrasis duomen\u0173 apsaugos reglamentas)<\/em><\/p>\r\n<!-- \/wp:post-content -->","protected":false},"excerpt":{"rendered":"<p>RINKODAROS PRIVATUMO PRANE\u0160IMAS apie \u201eOpen Olpha\u201c ir renginius\u00a0 Bendroji informacija \u0160ios privatumo i\u0161lygos (toliau \u2013 I\u0161lyga) tikslas yra pagal Bendrojo duomen\u0173 apsaugos reglamento[1] (toliau \u2013 BDAR) 12 ir 13 straipsnius suteikti sveikatos prie\u017ei\u016bros specialistams (toliau \u2013 SPS) informacij\u0105 apie akcin\u0117s bendrov\u0117s \u201eOlpha\u201c, registracijos Nr. 40003007246, (toliau \u2013 Bendrov\u0117), SPS asmens duomen\u0173 tvarkym\u0105 \u0161iais tikslais: &#8211;&#8230; <a class=\"moretag\" href=\"https:\/\/open.olpha.eu\/lt\/privatumo-politika\/\">Skaityti daugiau &raquo;<\/a><\/p>\n","protected":false},"author":13,"featured_media":0,"parent":0,"menu_order":16,"comment_status":"closed","ping_status":"closed","template":"","meta":{"footnotes":""},"class_list":["post-17948","page","type-page","status-publish","hentry"],"_links":{"self":[{"href":"https:\/\/open.olpha.eu\/lt\/wp-json\/wp\/v2\/pages\/17948","targetHints":{"allow":["GET"]}}],"collection":[{"href":"https:\/\/open.olpha.eu\/lt\/wp-json\/wp\/v2\/pages"}],"about":[{"href":"https:\/\/open.olpha.eu\/lt\/wp-json\/wp\/v2\/types\/page"}],"author":[{"embeddable":true,"href":"https:\/\/open.olpha.eu\/lt\/wp-json\/wp\/v2\/users\/13"}],"replies":[{"embeddable":true,"href":"https:\/\/open.olpha.eu\/lt\/wp-json\/wp\/v2\/comments?post=17948"}],"version-history":[{"count":0,"href":"https:\/\/open.olpha.eu\/lt\/wp-json\/wp\/v2\/pages\/17948\/revisions"}],"wp:attachment":[{"href":"https:\/\/open.olpha.eu\/lt\/wp-json\/wp\/v2\/media?parent=17948"}],"curies":[{"name":"wp","href":"https:\/\/api.w.org\/{rel}","templated":true}]}}