              {"id":18483,"date":"2021-02-01T13:25:45","date_gmt":"2021-02-01T11:25:45","guid":{"rendered":"https:\/\/open.olainfarm.com\/?page_id=18483"},"modified":"2025-04-15T16:15:21","modified_gmt":"2025-04-15T13:15:21","slug":"kontaktai","status":"publish","type":"page","link":"https:\/\/open.olpha.eu\/lt\/kontaktai\/","title":{"rendered":"Kontaktai"},"content":{"rendered":"<div id=\"pl-18483\"  class=\"panel-layout\" ><div id=\"pg-18483-0\"  class=\"panel-grid panel-has-style\" ><div class=\"contactblock panel-row-style panel-row-style-for-18483-0\" ><div id=\"pgc-18483-0-0\"  class=\"panel-grid-cell\" ><div id=\"panel-18483-0-0-0\" class=\"widget_text so-panel widget widget_custom_html panel-first-child\" data-index=\"0\" ><div class=\"textwidget custom-html-widget\"><span class=\"subtitle dash-true style-dark\">KONTAKTIN\u0116 FORMA<\/span>\n<h2><strong>Susisiekite su mumis<\/strong><\/h2><\/div><\/div><div id=\"panel-18483-0-0-1\" class=\"widget_text so-panel widget widget_custom_html panel-last-child\" data-index=\"1\" ><div class=\"textwidget custom-html-widget\">\n<div class=\"wpcf7 no-js\" id=\"wpcf7-f18941-o1\" lang=\"en-US\" dir=\"ltr\" data-wpcf7-id=\"18941\">\n<div class=\"screen-reader-response\"><p role=\"status\" aria-live=\"polite\" aria-atomic=\"true\"><\/p> <ul><\/ul><\/div>\n<form action=\"\/lt\/wp-json\/wp\/v2\/pages\/18483#wpcf7-f18941-o1\" method=\"post\" class=\"wpcf7-form init\" aria-label=\"Contact form\" novalidate=\"novalidate\" data-status=\"init\">\n<fieldset class=\"hidden-fields-container\"><input type=\"hidden\" name=\"_wpcf7\" value=\"18941\" \/><input type=\"hidden\" name=\"_wpcf7_version\" value=\"6.1.3\" \/><input type=\"hidden\" name=\"_wpcf7_locale\" value=\"en_US\" \/><input type=\"hidden\" name=\"_wpcf7_unit_tag\" value=\"wpcf7-f18941-o1\" \/><input type=\"hidden\" name=\"_wpcf7_container_post\" value=\"0\" \/><input type=\"hidden\" name=\"_wpcf7_posted_data_hash\" value=\"\" \/><input type=\"hidden\" name=\"_wpcf7_recaptcha_response\" value=\"\" \/>\n<\/fieldset>\n<div>\n\t<p>Vardas *<br \/>\n<span class=\"wpcf7-form-control-wrap\" data-name=\"your-name\"><input size=\"40\" maxlength=\"400\" class=\"wpcf7-form-control wpcf7-text wpcf7-validates-as-required\" aria-required=\"true\" aria-invalid=\"false\" value=\"\" type=\"text\" name=\"your-name\" \/><\/span>\n\t<\/p>\n<\/div>\n<div>\n\t<p>El. pa\u0161to adresas *<br \/>\n<span class=\"wpcf7-form-control-wrap\" data-name=\"your-email\"><input size=\"40\" maxlength=\"400\" class=\"wpcf7-form-control wpcf7-email wpcf7-validates-as-required wpcf7-text wpcf7-validates-as-email\" aria-required=\"true\" aria-invalid=\"false\" value=\"\" type=\"email\" name=\"your-email\" \/><\/span>\n\t<\/p>\n<\/div>\n<div>\n\t<p>Tema<br \/>\n<span class=\"wpcf7-form-control-wrap\" data-name=\"your-subject\"><input size=\"40\" maxlength=\"400\" class=\"wpcf7-form-control wpcf7-text\" aria-invalid=\"false\" value=\"\" type=\"text\" name=\"your-subject\" \/><\/span>\n\t<\/p>\n<\/div>\n<div>\n\t<p>Prane\u0161imo tekstas<br \/>\n<span class=\"wpcf7-form-control-wrap\" data-name=\"your-message\"><textarea cols=\"40\" rows=\"10\" maxlength=\"2000\" class=\"wpcf7-form-control wpcf7-textarea\" aria-invalid=\"false\" name=\"your-message\"><\/textarea><\/span>\n\t<\/p>\n<\/div>\n\n<p><input class=\"wpcf7-form-control wpcf7-submit has-spinner\" type=\"submit\" value=\"Si\u0173sti\" \/>\n<\/p><div class=\"wpcf7-response-output\" aria-hidden=\"true\"><\/div>\n<\/form>\n<\/div>\n<\/div><\/div><\/div><div id=\"pgc-18483-0-1\"  class=\"panel-grid-cell\" ><div id=\"panel-18483-0-1-0\" class=\"widget_text so-panel widget widget_custom_html panel-first-child\" data-index=\"2\" ><div class=\"textwidget custom-html-widget\"><span class=\"subtitle dash-true style-dark\">TURITE KLAUSIM\u0172?<\/span>\n<h2>Da\u017eniausiai u\u017eduodami klausimai<\/h2><\/div><\/div><div id=\"panel-18483-0-1-1\" class=\"widget_text so-panel widget widget_custom_html\" data-index=\"3\" ><div class=\"textwidget custom-html-widget\"><div class=\"panel-group\" id=\"accordion-0\">\n<div class=\"panel\"><div class=\"panel-heading\"><h3 class=\"panel-title\"><a class=\"accordion-toggle in\" data-toggle=\"collapse\" data-parent=\"#accordion-0\" href=\"#collapse_0_kaip-prisijungti-prie-sistemos\">Kaip prisijungti prie sistemos?<\/a><\/h3><\/div><div id=\"collapse_0_kaip-prisijungti-prie-sistemos\" class=\"panel-collapse collapse in\"><div class=\"panel-body\">Interneto nar\u0161ykl\u0117je \u012fra\u0161ykite AB \u201eOlpha\u201c mokym\u0173 portalo adres\u0105 open.olpha.eu ir spustel\u0117kite langel\u012f \u201eMano paskyra\u201c. Jeigu esate naujas naudotojas, rinkit\u0117s langel\u012f \u201eRegistracija\u201c, perskaitykite pateikt\u0105 informacij\u0105 ir spustel\u0117kite mygtuk\u0105 \u201eRegistruotis\u201c. Jeigu esate registruotas naudotojas, skiltyje \u201eMano paskyra\u201c po nuoroda \u201eMoodle autorizacija\u201c \u012fveskite savo naudotojo vard\u0105 ir slapta\u017eod\u012f. Jeigu pamir\u0161ote savo naudotojo vard\u0105 ar slapta\u017eod\u012f, spustel\u0117kite \u201ePamir\u0161ote savo naudotojo vard\u0105 arba slapta\u017eod\u012f?\u201c ir bus nurodyta, kaip pasikeisti slapta\u017eod\u012f. <\/div><\/div><\/div>\n<div class=\"panel\"><div class=\"panel-heading\"><h3 class=\"panel-title\"><a class=\"accordion-toggle \" data-toggle=\"collapse\" data-parent=\"#accordion-0\" href=\"#collapse_1_uzmirsau-savo-slaptazodi-ka-daryti\">U\u017emir\u0161au savo slapta\u017eod\u012f. K\u0105 daryti?<\/a><\/h3><\/div><div id=\"collapse_1_uzmirsau-savo-slaptazodi-ka-daryti\" class=\"panel-collapse collapse \"><div class=\"panel-body\">Jeigu pamir\u0161ote savo naudotojo vard\u0105 ar slapta\u017eod\u012f, spustel\u0117kite parinkt\u012f \u201ePamir\u0161ote savo naudotojo vard\u0105 ar slapta\u017eod\u012f?\u201c. Bus pateikta nuoroda \u012f slapta\u017eod\u017eio keitimo lang\u0105. <\/div><\/div><\/div>\n<div class=\"panel\"><div class=\"panel-heading\"><h3 class=\"panel-title\"><a class=\"accordion-toggle \" data-toggle=\"collapse\" data-parent=\"#accordion-0\" href=\"#collapse_2_ar-galima-is-naujo-ziureti-video-paskaita\">Ar galima i\u0161 naujo \u017ei\u016br\u0117ti video paskait\u0105?<\/a><\/h3><\/div><div id=\"collapse_2_ar-galima-is-naujo-ziureti-video-paskaita\" class=\"panel-collapse collapse \"><div class=\"panel-body\">Galimyb\u0117 pakartotinai \u017ei\u016br\u0117ti paskait\u0105 priklauso nuo konkretaus kurso. Daugiau informacijos apie galimyb\u0119 i\u0161 naujo \u017ei\u016br\u0117ti video paskait\u0105 rasite prie pateikiamos paskaitos. <\/div><\/div><\/div>\n<div class=\"panel\"><div class=\"panel-heading\"><h3 class=\"panel-title\"><a class=\"accordion-toggle \" data-toggle=\"collapse\" data-parent=\"#accordion-0\" href=\"#collapse_3_ka-daryti-jeigu-nepavyksta-prisijungti-ir-dalyvauti-tiesiogineje-internetineje-paskaitoje-seminare-ar-konferencijoje\">K\u0105 daryti, jeigu nepavyksta prisijungti ir dalyvauti tiesiogin\u0117je internetin\u0117je paskaitoje, seminare ar konferencijoje?<\/a><\/h3><\/div><div id=\"collapse_3_ka-daryti-jeigu-nepavyksta-prisijungti-ir-dalyvauti-tiesiogineje-internetineje-paskaitoje-seminare-ar-konferencijoje\" class=\"panel-collapse collapse \"><div class=\"panel-body\">Patikrinkite, ar n\u0117ra problem\u0173, susijusi\u0173 su interneto ry\u0161iu, ar atidar\u0117te tinkam\u0105 interneto nar\u0161ykl\u0119, palaikan\u010di\u0105 interneto paskaitos, seminaro arba konferencijos program\u0105. Jeigu pasinaudojus pirmiau pateiktais patarimais situacija nesikei\u010dia, galite susisiekti su mumis. Visi paskait\u0173, seminar\u0173 ir konferencij\u0173 \u012fra\u0161ai bei psakaitos v\u0117liau \u012fkeliami ir prieinami sistemoje. <\/div><\/div><\/div>\n<\/div><\/div><\/div><div id=\"panel-18483-0-1-2\" class=\"widget_text so-panel widget widget_custom_html panel-last-child\" data-index=\"4\" ><div class=\"textwidget custom-html-widget\"><a href=\"\/lt\/turite-klausimu\/\"> Visi klausimai &raquo;<\/a><\/div><\/div><\/div><\/div><\/div><\/div>","protected":false},"excerpt":{"rendered":"<p>KONTAKTIN\u0116 FORMA Susisiekite su mumis Vardas * El. pa\u0161to adresas * Tema Prane\u0161imo tekstas TURITE KLAUSIM\u0172? Da\u017eniausiai u\u017eduodami klausimai Kaip prisijungti prie sistemos?Interneto nar\u0161ykl\u0117je \u012fra\u0161ykite AB \u201eOlpha\u201c mokym\u0173 portalo adres\u0105 open.olpha.eu ir spustel\u0117kite langel\u012f \u201eMano paskyra\u201c. Jeigu esate naujas naudotojas, rinkit\u0117s langel\u012f \u201eRegistracija\u201c, perskaitykite pateikt\u0105 informacij\u0105 ir spustel\u0117kite mygtuk\u0105 \u201eRegistruotis\u201c. Jeigu esate registruotas naudotojas, skiltyje&#8230; <a class=\"moretag\" href=\"https:\/\/open.olpha.eu\/lt\/kontaktai\/\">Skaityti daugiau &raquo;<\/a><\/p>\n","protected":false},"author":19,"featured_media":0,"parent":0,"menu_order":7,"comment_status":"closed","ping_status":"closed","template":"","meta":{"footnotes":""},"class_list":["post-18483","page","type-page","status-publish","hentry"],"_links":{"self":[{"href":"https:\/\/open.olpha.eu\/lt\/wp-json\/wp\/v2\/pages\/18483","targetHints":{"allow":["GET"]}}],"collection":[{"href":"https:\/\/open.olpha.eu\/lt\/wp-json\/wp\/v2\/pages"}],"about":[{"href":"https:\/\/open.olpha.eu\/lt\/wp-json\/wp\/v2\/types\/page"}],"author":[{"embeddable":true,"href":"https:\/\/open.olpha.eu\/lt\/wp-json\/wp\/v2\/users\/19"}],"replies":[{"embeddable":true,"href":"https:\/\/open.olpha.eu\/lt\/wp-json\/wp\/v2\/comments?post=18483"}],"version-history":[{"count":0,"href":"https:\/\/open.olpha.eu\/lt\/wp-json\/wp\/v2\/pages\/18483\/revisions"}],"wp:attachment":[{"href":"https:\/\/open.olpha.eu\/lt\/wp-json\/wp\/v2\/media?parent=18483"}],"curies":[{"name":"wp","href":"https:\/\/api.w.org\/{rel}","templated":true}]}}